{"id":2,"date":"2026-01-02T15:48:40","date_gmt":"2026-01-02T08:48:40","guid":{"rendered":"https:\/\/www.demo.vietnamweb.asia\/?page_id=2"},"modified":"2026-01-02T15:48:30","modified_gmt":"2026-01-02T08:48:30","slug":"trang-chu","status":"publish","type":"page","link":"https:\/\/vn227.net\/","title":{"rendered":"Vn227 org &#8211; \u0110\u0103ng K\u00fd Th\u00e0nh Vi\u00ean \u0110\u1ee7 Tu\u1ea7n Nh\u1eadn Th\u01b0\u1edfng \u0110\u1ebfn 8.888k"},"content":{"rendered":"<h2><span style=\"font-size: 110%; color: #f99b1c;\"><strong>TRANG CH\u1ee6 \u0110\u0102NG NH\u1eacP NH\u00c0 C\u00c1I NH88<\/strong><\/span><\/h2>\n<p>Link trang t\u1ed5ng v\u00e0o Vn227 org ch\u00ednh th\u1ee9c c\u1eadp nh\u1eadt ng\u00e0y h\u00f4m nay m\u1edbi nh\u1ea5t:<\/p>\n<div class=\"row row-small\"  id=\"row-1012337845\">\n\n\t<div id=\"col-925559829\" class=\"col medium-4 small-12 large-4\"  >\n\t\t\t\t<div class=\"col-inner\"  >\n\t\t\t\n\t\t\t\n\t<div class=\"img has-hover x md-x lg-x y md-y lg-y\" id=\"image_1668720857\">\n\t\t<a class=\"\" href=\"https:\/\/linkquangcao.com\/kfqi\" >\t\t\t\t\t\t<div class=\"img-inner dark\" >\n\t\t\t<img loading=\"lazy\" decoding=\"async\" width=\"400\" height=\"188\" src=\"https:\/\/vn227.net\/wp-content\/uploads\/2025\/03\/dang-ky.webp\" class=\"attachment-original size-original\" alt=\"\u0110\u0103ng k\u00fd nh\u00e0 c\u00e1i\" srcset=\"https:\/\/vn227.net\/wp-content\/uploads\/2025\/03\/dang-ky.webp 400w, https:\/\/vn227.net\/wp-content\/uploads\/2025\/03\/dang-ky-300x141.webp 300w\" sizes=\"auto, (max-width: 400px) 100vw, 400px\" \/>\t\t\t\t\t\t\n\t\t\t\t\t<\/div>\n\t\t\t\t\t\t<\/a>\t\t\n<style>\n#image_1668720857 {\n  width: 100%;\n}\n<\/style>\n\t<\/div>\n\t\n\t\t<\/div>\n\t\t\t\t\t<\/div>\n\n\t\n\n\t<div id=\"col-1792608172\" class=\"col medium-4 small-12 large-4\"  >\n\t\t\t\t<div class=\"col-inner\"  >\n\t\t\t\n\t\t\t\n\t<div class=\"img has-hover x md-x lg-x y md-y lg-y\" id=\"image_1886515013\">\n\t\t<a class=\"\" href=\"https:\/\/linkquangcao.com\/kfqi\" >\t\t\t\t\t\t<div class=\"img-inner dark\" >\n\t\t\t<img loading=\"lazy\" decoding=\"async\" width=\"400\" height=\"188\" src=\"https:\/\/vn227.net\/wp-content\/uploads\/2025\/03\/dang-nhap.webp\" class=\"attachment-original size-original\" alt=\"\u0110\u0103ng nh\u1eadp t\u1ea3i app\" srcset=\"https:\/\/vn227.net\/wp-content\/uploads\/2025\/03\/dang-nhap.webp 400w, https:\/\/vn227.net\/wp-content\/uploads\/2025\/03\/dang-nhap-300x141.webp 300w\" sizes=\"auto, (max-width: 400px) 100vw, 400px\" \/>\t\t\t\t\t\t\n\t\t\t\t\t<\/div>\n\t\t\t\t\t\t<\/a>\t\t\n<style>\n#image_1886515013 {\n  width: 100%;\n}\n<\/style>\n\t<\/div>\n\t\n\t\t<\/div>\n\t\t\t\t\t<\/div>\n\n\t\n\n\t<div id=\"col-1826767575\" class=\"col medium-4 small-12 large-4\"  >\n\t\t\t\t<div class=\"col-inner\"  >\n\t\t\t\n\t\t\t\n\t<div class=\"img has-hover x md-x lg-x y md-y lg-y\" id=\"image_1078848950\">\n\t\t<a class=\"\" href=\"https:\/\/linkquangcao.com\/kfqi\" >\t\t\t\t\t\t<div class=\"img-inner dark\" >\n\t\t\t<img loading=\"lazy\" decoding=\"async\" width=\"400\" height=\"188\" src=\"https:\/\/vn227.net\/wp-content\/uploads\/2025\/03\/khuyen-mai.webp\" class=\"attachment-original size-original\" alt=\"Khuy\u1ebfn m\u00e3i th\u00e0nh vi\u00ean\" srcset=\"https:\/\/vn227.net\/wp-content\/uploads\/2025\/03\/khuyen-mai.webp 400w, https:\/\/vn227.net\/wp-content\/uploads\/2025\/03\/khuyen-mai-300x141.webp 300w\" sizes=\"auto, (max-width: 400px) 100vw, 400px\" \/>\t\t\t\t\t\t\n\t\t\t\t\t<\/div>\n\t\t\t\t\t\t<\/a>\t\t\n<style>\n#image_1078848950 {\n  width: 100%;\n}\n<\/style>\n\t<\/div>\n\t\n\t\t<\/div>\n\t\t\t\t\t<\/div>\n\n\t\n<\/div>\n\t<div id=\"gap-1351152631\" class=\"gap-element clearfix\" style=\"display:block; height:auto;\">\n\t\t\n<style>\n#gap-1351152631 {\n  padding-top: 16px;\n}\n<\/style>\n\t<\/div>\n\t\n\t<div id=\"gap-1909686788\" class=\"gap-element clearfix\" style=\"display:block; height:auto;\">\n\t\t\n<style>\n#gap-1909686788 {\n  padding-top: 15px;\n}\n<\/style>\n\t<\/div>\n\t\n<p><em><strong>Disclaimer (Tuy\u00ean b\u1ed1 mi\u1ec5n tr\u1eeb):<\/strong><\/em> Vn227.net ch\u1ec9 cung c\u1ea5p th\u00f4ng tin mang t\u00ednh ch\u1ea5t tham kh\u1ea3o cho ng\u01b0\u1eddi d\u00f9ng \u0111\u1ee7 18 tu\u1ed5i v\u00e0 \u0111ang sinh s\u1ed1ng ngo\u00e0i l\u00e3nh th\u1ed5 Vi\u1ec7t Nam. Vn227 org kh\u00f4ng t\u1ed5 ch\u1ee9c, qu\u1ea3n l\u00fd hay khuy\u1ebfn kh\u00edch b\u1ea5t k\u1ef3 h\u00ecnh th\u1ee9c c\u00e1 c\u01b0\u1ee3c n\u00e0o. M\u1ecdi quy\u1ebft \u0111\u1ecbnh s\u1eed d\u1ee5ng th\u00f4ng tin \u0111\u1ec1u do ng\u01b0\u1eddi d\u00f9ng t\u1ef1 ch\u1ecbu tr\u00e1ch nhi\u1ec7m.<\/p>\n<h2 class=\"tieu-de uppercase\"><span style=\"color: #3366ff;\"><strong>FAQ &#8211; th\u1eafc m\u1eafc ph\u1ed5 bi\u1ebfn khi ch\u01a1i tr\u00ean trang NH88<\/strong><\/span><\/h2>\n<div class=\"accordion\"><\/div>\n\t<div id=\"accordion-3275568083\" class=\"accordion-item\">\n\t\t<a id=\"accordion-3275568083-label\" class=\"accordion-title plain\" href=\"#accordion-item-trang-ch\u1ee7-truy-c\u1eadp-vn227-.com?\" aria-expanded=\"false\" aria-controls=\"accordion-3275568083-content\" >\n\t\t\t<button class=\"toggle\" aria-label=\"Chuy\u1ec3n \u0111\u1ed5i\"><i class=\"icon-angle-down\"><\/i><\/button>\n\t\t\t<span>Trang ch\u1ee7 truy c\u1eadp Vn227 .com?<\/span>\n\t\t<\/a>\n\t\t<div id=\"accordion-3275568083-content\" class=\"accordion-inner\" aria-labelledby=\"accordion-3275568083-label\" >\n\t\t\t\n<p><span style=\"color: #3366ff;\">C\u00e1c trang truy c\u1eadp Nh88 com:<\/span><\/p>\n<ul>\n<li><span style=\"color: #3366ff;\">Vn227.com<\/span><\/li>\n<li><span style=\"color: #3366ff;\">Vn22 7.casino<\/span><\/li>\n<li><span style=\"color: #3366ff;\">Vn 227.game<\/span><\/li>\n<li><span style=\"color: #3366ff;\">Vn227 . app<\/span><\/li>\n<li><span style=\"color: #3366ff;\">Vn2227.bet<\/span><\/li>\n<\/ul>\n<p>#trangchunh88 #dangnhapnh88 #dangkynh88 #taiappnh88 #appnh88 #nh88bet #nh88casino<\/p>\n<p>#trangchuvn227 #dangnhapvn227 #dangkyvn227 #taiappvn227 #appvn227 #vn227bet #vn227casino<\/p>\n\t\t<\/div>\n\t<\/div>\n\t\n\t<div id=\"accordion-1251575166\" class=\"accordion-item\">\n\t\t<a id=\"accordion-1251575166-label\" class=\"accordion-title plain\" href=\"#accordion-item-trang-vn22-7.win-c\u00f3-nh\u1eefng-th\u1ec3-lo\u1ea1i-game-n\u00e0o?\" aria-expanded=\"false\" aria-controls=\"accordion-1251575166-content\" >\n\t\t\t<button class=\"toggle\" aria-label=\"Chuy\u1ec3n \u0111\u1ed5i\"><i class=\"icon-angle-down\"><\/i><\/button>\n\t\t\t<span>Trang Vn22 7.win c\u00f3 nh\u1eefng th\u1ec3 lo\u1ea1i game n\u00e0o?<\/span>\n\t\t<\/a>\n\t\t<div id=\"accordion-1251575166-content\" class=\"accordion-inner\" aria-labelledby=\"accordion-1251575166-label\" >\n\t\t\t\n<p><span style=\"color: #3366ff;\">Trang Vn227 game t\u1ed5ng h\u1ee3p \u0111a d\u1ea1ng th\u1ec3 lo\u1ea1i casino, b\u1eafn c\u1ea3, n\u1ed5 h\u0169, x\u00f3c \u0111\u0129a, th\u1ec3 thao&#8230; d\u1ec5 d\u00e0ng tham gia c\u01b0\u1ee3c v\u1edbi giao di\u1ec7n \u0111\u01a1n gi\u1ea3n. H\u01b0\u1edbng d\u1eabn c\u01b0\u1ee3c r\u00f5 r\u00e0ng chi ti\u1ebft tr\u00e1nh nh\u1ea7m l\u1eabn cho ng\u01b0\u1eddi ch\u01a1i.<\/span><\/p>\n\t\t<\/div>\n\t<\/div>\n\t\n\t<div id=\"accordion-1138033290\" class=\"accordion-item\">\n\t\t<a id=\"accordion-1138033290-label\" class=\"accordion-title plain\" href=\"#accordion-item-mu\u1ed1n-r\u00fat-ti\u1ec1n-tr\u00ean-vn227-com-th\u1ef1c-hi\u1ec7n-nh\u01b0-th\u1ebf-n\u00e0o?\" aria-expanded=\"false\" aria-controls=\"accordion-1138033290-content\" >\n\t\t\t<button class=\"toggle\" aria-label=\"Chuy\u1ec3n \u0111\u1ed5i\"><i class=\"icon-angle-down\"><\/i><\/button>\n\t\t\t<span>Mu\u1ed1n r\u00fat ti\u1ec1n tr\u00ean Vn227 com th\u1ef1c hi\u1ec7n nh\u01b0 th\u1ebf n\u00e0o?<\/span>\n\t\t<\/a>\n\t\t<div id=\"accordion-1138033290-content\" class=\"accordion-inner\" aria-labelledby=\"accordion-1138033290-label\" >\n\t\t\t\n<p><span style=\"color: #3366ff;\">R\u00fat ti\u1ec1n tr\u00ean Vn 227 com r\u1ea5t \u0111\u01a1n gi\u1ea3n th\u1ef1c hi\u1ec7n ngay sau khi b\u1ea1n \u0111\u00e3 ho\u00e0n th\u00e0nh \u0111\u1ee7 v\u00f2ng c\u01b0\u1ee3c ( th\u01b0\u1eddng ch\u1ec9 1 v\u00f2ng l\u00e0 \u0111\u1ee7) l\u00ean l\u1ec7nh. Ch\u1ecdn h\u00ecnh th\u1ee9c r\u00fat ti\u1ec1n, nh\u1eadp s\u1ed1 ti\u1ec1n mu\u1ed1n r\u00fat, nh\u1eadp m\u00e3 b\u1ea3o m\u1eadt giao d\u1ecbch l\u00e0 ho\u00e0n th\u00e0nh. H\u1ec7 th\u1ed1ng ch\u1ec9 r\u00fat ti\u1ec1n v\u1ec1 t\u00e0i kho\u1ea3n ch\u00ednh ch\u1ee7 duy nh\u1ea5t c\u1ee7a ng\u01b0\u1eddi ch\u01a1i \u0111\u1ea3m b\u1ea3o an to\u00e0n tuy\u1ec7t \u0111\u1ed1i.<\/span><\/p>\n\t\t<\/div>\n\t<\/div>\n\t\n\t<div id=\"accordion-3230889886\" class=\"accordion-item\">\n\t\t<a id=\"accordion-3230889886-label\" class=\"accordion-title plain\" href=\"#accordion-item-c\u00f3-ch\u01a1i-game-tr\u00ean-\u1ee9ng-d\u1ee5ng-vn227.now-\u0111\u01b0\u1ee3c-kh\u00f4ng?\" aria-expanded=\"false\" aria-controls=\"accordion-3230889886-content\" >\n\t\t\t<button class=\"toggle\" aria-label=\"Chuy\u1ec3n \u0111\u1ed5i\"><i class=\"icon-angle-down\"><\/i><\/button>\n\t\t\t<span>C\u00f3 ch\u01a1i game tr\u00ean \u1ee9ng d\u1ee5ng Vn227.now \u0111\u01b0\u1ee3c kh\u00f4ng?<\/span>\n\t\t<\/a>\n\t\t<div id=\"accordion-3230889886-content\" class=\"accordion-inner\" aria-labelledby=\"accordion-3230889886-label\" >\n\t\t\t\n<p><span style=\"color: #3366ff;\">Nh\u00e0 c\u00e1i Vn227 link cung c\u1ea5p \u1ee9ng d\u1ee5ng t\u1ea3i v\u1ec1 di \u0111\u1ed9ng. \u1ee8ng d\u1ee5ng c\u00f3 dung l\u01b0\u1ee3ng nh\u1ecf g\u1ecdn d\u1ec5 d\u00e0ng t\u1ea3i v\u1ec1 c\u00e1c lo\u1ea1i thi\u1ebft b\u1ecb. V\u1edbi giao di\u1ec7n \u0111\u01a1n gi\u1ea3n c\u00e1c tr\u00f2 ch\u01a1i \u0111\u01b0\u1ee3c s\u1eafp x\u1ebfp khoa h\u1ecdc gi\u00fap ng\u01b0\u1eddi ch\u01a1i c\u00f3 tr\u1ea3i nghi\u1ec7m an to\u00e0n v\u00e0 ti\u1ec7n l\u1ee3i.<\/span><\/p>\n\t\t<\/div>\n\t<\/div>\n\t\n","protected":false},"excerpt":{"rendered":"<p>TRANG CH\u1ee6 \u0110\u0102NG NH\u1eacP NH\u00c0 C\u00c1I NH88 Link trang t\u1ed5ng v\u00e0o Vn227 org ch\u00ednh th\u1ee9c c\u1eadp nh\u1eadt ng\u00e0y h\u00f4m nay m\u1edbi nh\u1ea5t: Disclaimer (Tuy\u00ean b\u1ed1 mi\u1ec5n tr\u1eeb): Vn227.net ch\u1ec9 cung c\u1ea5p th\u00f4ng tin mang t\u00ednh ch\u1ea5t tham kh\u1ea3o cho ng\u01b0\u1eddi d\u00f9ng \u0111\u1ee7 18 tu\u1ed5i v\u00e0 \u0111ang sinh s\u1ed1ng ngo\u00e0i l\u00e3nh th\u1ed5 Vi\u1ec7t Nam. Vn227 org&#8230;<\/p>\n","protected":false},"author":1,"featured_media":0,"parent":0,"menu_order":0,"comment_status":"closed","ping_status":"open","template":"page-right-sidebar.php","meta":{"footnotes":""},"class_list":["post-2","page","type-page","status-publish","hentry"],"_links":{"self":[{"href":"https:\/\/vn227.net\/index.php?rest_route=\/wp\/v2\/pages\/2","targetHints":{"allow":["GET"]}}],"collection":[{"href":"https:\/\/vn227.net\/index.php?rest_route=\/wp\/v2\/pages"}],"about":[{"href":"https:\/\/vn227.net\/index.php?rest_route=\/wp\/v2\/types\/page"}],"author":[{"embeddable":true,"href":"https:\/\/vn227.net\/index.php?rest_route=\/wp\/v2\/users\/1"}],"replies":[{"embeddable":true,"href":"https:\/\/vn227.net\/index.php?rest_route=%2Fwp%2Fv2%2Fcomments&post=2"}],"version-history":[{"count":54,"href":"https:\/\/vn227.net\/index.php?rest_route=\/wp\/v2\/pages\/2\/revisions"}],"predecessor-version":[{"id":633,"href":"https:\/\/vn227.net\/index.php?rest_route=\/wp\/v2\/pages\/2\/revisions\/633"}],"wp:attachment":[{"href":"https:\/\/vn227.net\/index.php?rest_route=%2Fwp%2Fv2%2Fmedia&parent=2"}],"curies":[{"name":"wp","href":"https:\/\/api.w.org\/{rel}","templated":true}]}}